{"id":25186,"date":"2019-12-21T22:14:51","date_gmt":"2019-12-21T22:14:51","guid":{"rendered":"https:\/\/sowiesodesign.com\/?page_id=25186"},"modified":"2020-09-11T19:20:59","modified_gmt":"2020-09-11T17:20:59","slug":"impressum","status":"publish","type":"page","link":"https:\/\/sowiesodesign.com\/en\/imprint","title":{"rendered":"Imprint"},"content":{"rendered":"<p><div class=\"fusion-fullwidth fullwidth-box fusion-builder-row-1 fusion-flex-container nonhundred-percent-fullwidth non-hundred-percent-height-scrolling\" style=\"--awb-border-radius-top-left:0px;--awb-border-radius-top-right:0px;--awb-border-radius-bottom-right:0px;--awb-border-radius-bottom-left:0px;--awb-flex-wrap:wrap;\" ><div class=\"fusion-builder-row fusion-row fusion-flex-align-items-flex-start fusion-flex-content-wrap\" style=\"max-width:calc( 1356px + 0px );margin-left: calc(-0px \/ 2 );margin-right: calc(-0px \/ 2 );\"><div class=\"fusion-layout-column fusion_builder_column fusion-builder-column-0 fusion_builder_column_1_1 1_1 fusion-flex-column\" style=\"--awb-bg-size:cover;--awb-width-large:100%;--awb-margin-top-large:15px;--awb-spacing-right-large:0px;--awb-margin-bottom-large:15px;--awb-spacing-left-large:0px;--awb-width-medium:100%;--awb-spacing-right-medium:0px;--awb-spacing-left-medium:0px;--awb-width-small:100%;--awb-spacing-right-small:0px;--awb-spacing-left-small:0px;\"><div class=\"fusion-column-wrapper fusion-column-has-shadow fusion-flex-justify-content-flex-start fusion-content-layout-column\"><div class=\"fusion-text fusion-text-1\"><p style=\"text-align: center;\"><strong>Stefan Fischer | Sowiesodesign F\u00fcrth<\/strong><br \/>\nLudwigstra\u00dfe 30, 90763 F\u00fcrth - S\u00fcdstadt<br \/>\nGermany<\/p>\n<p style=\"text-align: center;\"><b>Tel:<\/b> 0151.40416465<br \/>\n<b>Mail: <\/b>info@sowiesodesign.com<\/p>\n<p style=\"text-align: center;\"><strong>Sales Tax ID: <\/strong><br \/>\nSales tax identification number according to \u00a727a sales tax law:<br \/>\nDE 247491110<\/p>\n<\/div><\/div><\/div><\/div><\/div><div class=\"fusion-fullwidth fullwidth-box fusion-builder-row-2 fusion-flex-container nonhundred-percent-fullwidth non-hundred-percent-height-scrolling\" style=\"--awb-border-radius-top-left:0px;--awb-border-radius-top-right:0px;--awb-border-radius-bottom-right:0px;--awb-border-radius-bottom-left:0px;--awb-flex-wrap:wrap;\" ><div class=\"fusion-builder-row fusion-row fusion-flex-align-items-flex-start fusion-flex-content-wrap\" style=\"max-width:1410.24px;margin-left: calc(-4% \/ 2 );margin-right: calc(-4% \/ 2 );\"><div class=\"fusion-layout-column fusion_builder_column fusion-builder-column-1 fusion_builder_column_1_2 1_2 fusion-flex-column\" style=\"--awb-bg-size:cover;--awb-width-large:50%;--awb-margin-top-large:15px;--awb-spacing-right-large:3.84%;--awb-margin-bottom-large:15px;--awb-spacing-left-large:3.84%;--awb-width-medium:50%;--awb-spacing-right-medium:3.84%;--awb-spacing-left-medium:3.84%;--awb-width-small:100%;--awb-spacing-right-small:1.92%;--awb-spacing-left-small:1.92%;\"><div class=\"fusion-column-wrapper fusion-column-has-shadow fusion-flex-justify-content-flex-start fusion-content-layout-column\"><div class=\"fusion-text fusion-text-2\"><h4 class=\"fusion-responsive-typography-calculated\" style=\"text-align: center; --fontsize: 28; line-height: 1.29; --minfontsize: 28;\" data-fontsize=\"28\" data-lineheight=\"36.1167px\"><b>Disclaimer<\/b><\/h4>\n<p style=\"text-align: justify;\">The contents of our pages were created with the utmost care. However, we cannot guarantee the accuracy, completeness and timeliness of the content. As a service provider, we are responsible for our own content on these pages in accordance with \u00a7 7 paragraph 1 TMG under the general laws. According to \u00a7\u00a7 8 to 10 TMG we are not obligated to monitor transmitted or stored information or to investigate circumstances that indicate illegal activity. Obligations to remove or block the use of information according to general laws remain unaffected by this. However, liability in this respect is only possible from the point in time at which a concrete infringement of the law becomes known. If we become aware of any such infringements, we will remove the relevant content immediately.<\/p>\n<h4 class=\"fusion-responsive-typography-calculated\" style=\"text-align: center; --fontsize: 28; line-height: 1.29; --minfontsize: 28;\" data-fontsize=\"28\" data-lineheight=\"36.1167px\"><b>Liability for links<\/b><\/h4>\n<p style=\"text-align: justify;\">Our offer contains links to external websites of third parties, on whose contents we have no influence. Therefore, we cannot assume any liability for these external contents. The respective provider or operator of the pages is always responsible for the content of the linked pages. The linked pages were checked for possible legal violations at the time of linking. Illegal contents were not recognizable at the time of linking. However, a permanent control of the contents of the linked pages is not reasonable without concrete evidence of a violation of the law. If we become aware of any infringements, we will remove such links immediately.<\/p>\n<h4 class=\"fusion-responsive-typography-calculated\" style=\"text-align: center; --fontsize: 28; line-height: 1.29; --minfontsize: 28;\" data-fontsize=\"28\" data-lineheight=\"36.1167px\"><b>Copyright<\/b><\/h4>\n<p style=\"text-align: justify;\">The contents and works created by the site operators on these pages are subject to German copyright law. The reproduction, processing, distribution and any kind of exploitation outside the limits of copyright require the written consent of the respective author or creator. Downloads and copies of this site are only permitted for private, non-commercial use. Insofar as the content on this site was not created by the operator, the copyrights of third parties are respected. In particular, third-party content is identified as such. Should you nevertheless become aware of a copyright infringement, please inform us accordingly. If we become aware of any infringements, we will remove such content immediately.<\/p>\n<p>&nbsp;<\/p>\n<\/div><\/div><\/div><div class=\"fusion-layout-column fusion_builder_column fusion-builder-column-2 fusion_builder_column_1_2 1_2 fusion-flex-column\" style=\"--awb-bg-size:cover;--awb-width-large:50%;--awb-margin-top-large:15px;--awb-spacing-right-large:3.84%;--awb-margin-bottom-large:15px;--awb-spacing-left-large:3.84%;--awb-width-medium:50%;--awb-spacing-right-medium:3.84%;--awb-spacing-left-medium:3.84%;--awb-width-small:100%;--awb-spacing-right-small:1.92%;--awb-spacing-left-small:1.92%;\"><div class=\"fusion-column-wrapper fusion-column-has-shadow fusion-flex-justify-content-flex-start fusion-content-layout-column\"><div class=\"fusion-text fusion-text-3\"><h4 class=\"fusion-responsive-typography-calculated\" style=\"text-align: center; --fontsize: 28; line-height: 1.29; --minfontsize: 28;\" data-fontsize=\"28\" data-lineheight=\"36.1167px\"><b>Data protection<\/b><\/h4>\n<p style=\"text-align: justify;\">The use of our website is generally possible without providing personal data. As far as on our sides personal data (such as name, address or e-mail addresses) are collected, this is as far as possible on a voluntary basis. This data will not be passed on to third parties without your express consent.<br \/>\nWe would like to point out that data transmission on the Internet (e.g. communication by e-mail) can have security gaps. A complete protection of the data against access by third parties is not possible.<br \/>\nThe use of contact data published within the framework of the imprint obligation by third parties for the purpose of sending unsolicited advertising and information material is hereby expressly prohibited. The operators of the pages expressly reserve the right to take legal action in the event of the unsolicited sending of advertising information, such as spam mails.<\/p>\n<h4 class=\"fusion-responsive-typography-calculated\" style=\"text-align: center; --fontsize: 28; line-height: 1.29; --minfontsize: 28;\" data-fontsize=\"28\" data-lineheight=\"36.1167px\"><b>Google Analytics<\/b><\/h4>\n<p style=\"text-align: justify;\">This website uses Google Analytics, a web analytics service provided by Google, Inc. (\"Google\"). Google Analytics uses \"cookies\", which are text files placed on your computer, to help the website analyze how users use the site. The information generated by the cookie about your use of the website (including your IP address) will be transmitted to and stored by Google on servers in the United States. Google will use this information for the purpose of evaluating your use of the website, compiling reports on website activity for website operators and providing other services relating to website activity and internet usage. Google may also transfer this information to third parties where required to do so by law, or where such third parties process the information on Google's behalf. Google will not associate your IP address with any other data held by Google. You may refuse the use of cookies by selecting the appropriate settings on your browser, however please note that if you do this you may not be able to use the full functionality of this website. By using this website, you consent to the processing of data about you by Google in the manner and for the purposes set out above.<\/p>\n<\/div><\/div><\/div><\/div><\/div><\/p>","protected":false},"excerpt":{"rendered":"","protected":false},"author":1,"featured_media":20389,"parent":0,"menu_order":0,"comment_status":"closed","ping_status":"closed","template":"","meta":{"footnotes":""},"class_list":["post-25186","page","type-page","status-publish","has-post-thumbnail","hentry"],"yoast_head":"<!-- This site is optimized with the Yoast SEO Premium plugin v19.4 (Yoast SEO v24.1) - https:\/\/yoast.com\/wordpress\/plugins\/seo\/ -->\n<title>Impressum | Sowiesodesign F\u00fcrth | Webdesign - Grafikdesign - Foto<\/title>\n<meta name=\"description\" content=\"Impressum Sowiesodesign F\u00fcrth | Ihr Spezialist f\u00fcr Wordpress Webdesign und Grafikdesign in N\u00fcrnberg, F\u00fcrth, Erlangen und deutschlandweit\" \/>\n<meta name=\"robots\" content=\"index, follow, max-snippet:-1, max-image-preview:large, max-video-preview:-1\" \/>\n<link rel=\"canonical\" href=\"https:\/\/sowiesodesign.com\/en\/imprint\/\" \/>\n<meta property=\"og:locale\" content=\"en_GB\" \/>\n<meta property=\"og:type\" content=\"article\" \/>\n<meta property=\"og:title\" content=\"Impressum - Sowiesodesign F\u00fcrth\" \/>\n<meta property=\"og:description\" content=\"Impressum Sowiesodesign F\u00fcrth | Ihr Spezialist f\u00fcr Wordpress Webdesign und Grafikdesign in N\u00fcrnberg, F\u00fcrth, Erlangen und deutschlandweit\" \/>\n<meta property=\"og:url\" content=\"https:\/\/sowiesodesign.com\/en\/imprint\/\" \/>\n<meta property=\"article:publisher\" content=\"https:\/\/www.facebook.com\/sowiesodesigner\" \/>\n<meta property=\"article:modified_time\" content=\"2020-09-11T17:20:59+00:00\" \/>\n<meta property=\"og:image\" content=\"https:\/\/sowiesodesign.com\/wp-content\/uploads\/2018\/09\/AdobeStock_38271864-1024x708.jpeg\" \/>\n\t<meta property=\"og:image:width\" content=\"1024\" \/>\n\t<meta property=\"og:image:height\" content=\"708\" \/>\n\t<meta property=\"og:image:type\" content=\"image\/jpeg\" \/>\n<meta name=\"twitter:card\" content=\"summary_large_image\" \/>\n<meta name=\"twitter:title\" content=\"Impressum\" \/>\n<meta name=\"twitter:label1\" content=\"Estimated reading time\" \/>\n\t<meta name=\"twitter:data1\" content=\"9 minutes\" \/>\n<script type=\"application\/ld+json\" class=\"yoast-schema-graph\">{\"@context\":\"https:\/\/schema.org\",\"@graph\":[{\"@type\":\"WebPage\",\"@id\":\"https:\/\/sowiesodesign.com\/impressum\",\"url\":\"https:\/\/sowiesodesign.com\/impressum\",\"name\":\"Impressum | Sowiesodesign F\u00fcrth | Webdesign - Grafikdesign - Foto\",\"isPartOf\":{\"@id\":\"https:\/\/sowiesodesign.com\/#website\"},\"primaryImageOfPage\":{\"@id\":\"https:\/\/sowiesodesign.com\/impressum#primaryimage\"},\"image\":{\"@id\":\"https:\/\/sowiesodesign.com\/impressum#primaryimage\"},\"thumbnailUrl\":\"https:\/\/sowiesodesign.com\/wp-content\/uploads\/2018\/09\/AdobeStock_38271864.jpeg\",\"datePublished\":\"2019-12-21T22:14:51+00:00\",\"dateModified\":\"2020-09-11T17:20:59+00:00\",\"description\":\"Impressum Sowiesodesign F\u00fcrth | Ihr Spezialist f\u00fcr Wordpress Webdesign und Grafikdesign in N\u00fcrnberg, F\u00fcrth, Erlangen und deutschlandweit\",\"breadcrumb\":{\"@id\":\"https:\/\/sowiesodesign.com\/impressum#breadcrumb\"},\"inLanguage\":\"en-GB\",\"potentialAction\":[{\"@type\":\"ReadAction\",\"target\":[\"https:\/\/sowiesodesign.com\/impressum\"]}]},{\"@type\":\"ImageObject\",\"inLanguage\":\"en-GB\",\"@id\":\"https:\/\/sowiesodesign.com\/impressum#primaryimage\",\"url\":\"https:\/\/sowiesodesign.com\/wp-content\/uploads\/2018\/09\/AdobeStock_38271864.jpeg\",\"contentUrl\":\"https:\/\/sowiesodesign.com\/wp-content\/uploads\/2018\/09\/AdobeStock_38271864.jpeg\",\"width\":4826,\"height\":3338,\"caption\":\"Impressum - Sowiesodesign F\u00fcrth\"},{\"@type\":\"BreadcrumbList\",\"@id\":\"https:\/\/sowiesodesign.com\/impressum#breadcrumb\",\"itemListElement\":[{\"@type\":\"ListItem\",\"position\":1,\"name\":\"Sowiesodesign\",\"item\":\"https:\/\/sowiesodesign.com\/\"},{\"@type\":\"ListItem\",\"position\":2,\"name\":\"Impressum\"}]},{\"@type\":\"WebSite\",\"@id\":\"https:\/\/sowiesodesign.com\/#website\",\"url\":\"https:\/\/sowiesodesign.com\/\",\"name\":\"\",\"description\":\"\",\"publisher\":{\"@id\":\"https:\/\/sowiesodesign.com\/#organization\"},\"potentialAction\":[{\"@type\":\"SearchAction\",\"target\":{\"@type\":\"EntryPoint\",\"urlTemplate\":\"https:\/\/sowiesodesign.com\/?s={search_term_string}\"},\"query-input\":{\"@type\":\"PropertyValueSpecification\",\"valueRequired\":true,\"valueName\":\"search_term_string\"}}],\"inLanguage\":\"en-GB\"},{\"@type\":[\"Organization\",\"Place\"],\"@id\":\"https:\/\/sowiesodesign.com\/#organization\",\"name\":\"Sowiesodesign F\u00fcrth\",\"url\":\"https:\/\/sowiesodesign.com\/\",\"logo\":{\"@id\":\"https:\/\/sowiesodesign.com\/impressum#local-main-organization-logo\"},\"image\":{\"@id\":\"https:\/\/sowiesodesign.com\/impressum#local-main-organization-logo\"},\"sameAs\":[\"https:\/\/www.facebook.com\/sowiesodesigner\"],\"address\":{\"@id\":\"https:\/\/sowiesodesign.com\/impressum#local-main-place-address\"},\"geo\":{\"@type\":\"GeoCoordinates\",\"latitude\":\"49.466983\",\"longitude\":\"10.9883598\"},\"telephone\":[\"091197491480\",\"015140416465\"],\"openingHoursSpecification\":[{\"@type\":\"OpeningHoursSpecification\",\"dayOfWeek\":[\"Monday\",\"Tuesday\",\"Wednesday\",\"Thursday\",\"Friday\"],\"opens\":\"09:00\",\"closes\":\"17:00\"},{\"@type\":\"OpeningHoursSpecification\",\"dayOfWeek\":[\"Saturday\"],\"opens\":\"10:00\",\"closes\":\"15:00\"},{\"@type\":\"OpeningHoursSpecification\",\"dayOfWeek\":[\"Sunday\"],\"opens\":\"00:00\",\"closes\":\"00:00\"}],\"email\":\"info@sowiesodesign.com\"},{\"@type\":\"PostalAddress\",\"@id\":\"https:\/\/sowiesodesign.com\/impressum#local-main-place-address\",\"streetAddress\":\"Ludwigstra\u00dfe 30, R\u00fcckgeb\u00e4ude\",\"addressLocality\":\"F\u00fcrth S\u00fcdstadt\",\"postalCode\":\"90763\",\"addressRegion\":\"Bayern\",\"addressCountry\":\"DE\"},{\"@type\":\"ImageObject\",\"inLanguage\":\"en-GB\",\"@id\":\"https:\/\/sowiesodesign.com\/impressum#local-main-organization-logo\",\"url\":\"https:\/\/sowiesodesign.com\/wp-content\/uploads\/2019\/12\/sowieso_logo_black_retina.png\",\"contentUrl\":\"https:\/\/sowiesodesign.com\/wp-content\/uploads\/2019\/12\/sowieso_logo_black_retina.png\",\"width\":478,\"height\":98,\"caption\":\"Sowiesodesign F\u00fcrth\"}]}<\/script>\n<meta name=\"geo.placename\" content=\"F\u00fcrth S\u00fcdstadt\" \/>\n<meta name=\"geo.position\" content=\"49.466983;10.9883598\" \/>\n<meta name=\"geo.region\" content=\"Germany\" \/>\n<!-- \/ Yoast SEO Premium plugin. -->","yoast_head_json":{"title":"Imprint | Sowiesodesign F\u00fcrth | Webdesign - Graphic design - Photo","description":"Imprint Sowiesodesign F\u00fcrth | Your specialist for Wordpress web design and graphic design in Nuremberg, F\u00fcrth, Erlangen and all over Germany","robots":{"index":"index","follow":"follow","max-snippet":"max-snippet:-1","max-image-preview":"max-image-preview:large","max-video-preview":"max-video-preview:-1"},"canonical":"https:\/\/sowiesodesign.com\/en\/imprint\/","og_locale":"en_GB","og_type":"article","og_title":"Impressum - Sowiesodesign F\u00fcrth","og_description":"Impressum Sowiesodesign F\u00fcrth | Ihr Spezialist f\u00fcr Wordpress Webdesign und Grafikdesign in N\u00fcrnberg, F\u00fcrth, Erlangen und deutschlandweit","og_url":"https:\/\/sowiesodesign.com\/en\/imprint\/","article_publisher":"https:\/\/www.facebook.com\/sowiesodesigner","article_modified_time":"2020-09-11T17:20:59+00:00","og_image":[{"width":1024,"height":708,"url":"https:\/\/sowiesodesign.com\/wp-content\/uploads\/2018\/09\/AdobeStock_38271864-1024x708.jpeg","type":"image\/jpeg"}],"twitter_card":"summary_large_image","twitter_title":"Impressum","twitter_misc":{"Estimated reading time":"9 minutes"},"schema":{"@context":"https:\/\/schema.org","@graph":[{"@type":"WebPage","@id":"https:\/\/sowiesodesign.com\/impressum","url":"https:\/\/sowiesodesign.com\/impressum","name":"Imprint | Sowiesodesign F\u00fcrth | Webdesign - Graphic design - Photo","isPartOf":{"@id":"https:\/\/sowiesodesign.com\/#website"},"primaryImageOfPage":{"@id":"https:\/\/sowiesodesign.com\/impressum#primaryimage"},"image":{"@id":"https:\/\/sowiesodesign.com\/impressum#primaryimage"},"thumbnailUrl":"https:\/\/sowiesodesign.com\/wp-content\/uploads\/2018\/09\/AdobeStock_38271864.jpeg","datePublished":"2019-12-21T22:14:51+00:00","dateModified":"2020-09-11T17:20:59+00:00","description":"Imprint Sowiesodesign F\u00fcrth | Your specialist for Wordpress web design and graphic design in Nuremberg, F\u00fcrth, Erlangen and all over Germany","breadcrumb":{"@id":"https:\/\/sowiesodesign.com\/impressum#breadcrumb"},"inLanguage":"en-GB","potentialAction":[{"@type":"ReadAction","target":["https:\/\/sowiesodesign.com\/impressum"]}]},{"@type":"ImageObject","inLanguage":"en-GB","@id":"https:\/\/sowiesodesign.com\/impressum#primaryimage","url":"https:\/\/sowiesodesign.com\/wp-content\/uploads\/2018\/09\/AdobeStock_38271864.jpeg","contentUrl":"https:\/\/sowiesodesign.com\/wp-content\/uploads\/2018\/09\/AdobeStock_38271864.jpeg","width":4826,"height":3338,"caption":"Impressum - Sowiesodesign F\u00fcrth"},{"@type":"BreadcrumbList","@id":"https:\/\/sowiesodesign.com\/impressum#breadcrumb","itemListElement":[{"@type":"ListItem","position":1,"name":"Sowiesodesign","item":"https:\/\/sowiesodesign.com\/"},{"@type":"ListItem","position":2,"name":"Impressum"}]},{"@type":"WebSite","@id":"https:\/\/sowiesodesign.com\/#website","url":"https:\/\/sowiesodesign.com\/","name":"","description":"","publisher":{"@id":"https:\/\/sowiesodesign.com\/#organization"},"potentialAction":[{"@type":"SearchAction","target":{"@type":"EntryPoint","urlTemplate":"https:\/\/sowiesodesign.com\/?s={search_term_string}"},"query-input":{"@type":"PropertyValueSpecification","valueRequired":true,"valueName":"search_term_string"}}],"inLanguage":"en-GB"},{"@type":["Organization","Place"],"@id":"https:\/\/sowiesodesign.com\/#organization","name":"Sowiesodesign F\u00fcrth","url":"https:\/\/sowiesodesign.com\/","logo":{"@id":"https:\/\/sowiesodesign.com\/impressum#local-main-organization-logo"},"image":{"@id":"https:\/\/sowiesodesign.com\/impressum#local-main-organization-logo"},"sameAs":["https:\/\/www.facebook.com\/sowiesodesigner"],"address":{"@id":"https:\/\/sowiesodesign.com\/impressum#local-main-place-address"},"geo":{"@type":"GeoCoordinates","latitude":"49.466983","longitude":"10.9883598"},"telephone":["091197491480","015140416465"],"openingHoursSpecification":[{"@type":"OpeningHoursSpecification","dayOfWeek":["Monday","Tuesday","Wednesday","Thursday","Friday"],"opens":"09:00","closes":"17:00"},{"@type":"OpeningHoursSpecification","dayOfWeek":["Saturday"],"opens":"10:00","closes":"15:00"},{"@type":"OpeningHoursSpecification","dayOfWeek":["Sunday"],"opens":"00:00","closes":"00:00"}],"email":"info@sowiesodesign.com"},{"@type":"PostalAddress","@id":"https:\/\/sowiesodesign.com\/impressum#local-main-place-address","streetAddress":"Ludwigstra\u00dfe 30, R\u00fcckgeb\u00e4ude","addressLocality":"F\u00fcrth S\u00fcdstadt","postalCode":"90763","addressRegion":"Bayern","addressCountry":"DE"},{"@type":"ImageObject","inLanguage":"en-GB","@id":"https:\/\/sowiesodesign.com\/impressum#local-main-organization-logo","url":"https:\/\/sowiesodesign.com\/wp-content\/uploads\/2019\/12\/sowieso_logo_black_retina.png","contentUrl":"https:\/\/sowiesodesign.com\/wp-content\/uploads\/2019\/12\/sowieso_logo_black_retina.png","width":478,"height":98,"caption":"Sowiesodesign F\u00fcrth"}]},"geo.placename":"F\u00fcrth S\u00fcdstadt","geo.position":{"lat":"49.466983","long":"10.9883598"},"geo.region":"Germany"},"_links":{"self":[{"href":"https:\/\/sowiesodesign.com\/en\/wp-json\/wp\/v2\/pages\/25186","targetHints":{"allow":["GET"]}}],"collection":[{"href":"https:\/\/sowiesodesign.com\/en\/wp-json\/wp\/v2\/pages"}],"about":[{"href":"https:\/\/sowiesodesign.com\/en\/wp-json\/wp\/v2\/types\/page"}],"author":[{"embeddable":true,"href":"https:\/\/sowiesodesign.com\/en\/wp-json\/wp\/v2\/users\/1"}],"replies":[{"embeddable":true,"href":"https:\/\/sowiesodesign.com\/en\/wp-json\/wp\/v2\/comments?post=25186"}],"version-history":[{"count":0,"href":"https:\/\/sowiesodesign.com\/en\/wp-json\/wp\/v2\/pages\/25186\/revisions"}],"wp:featuredmedia":[{"embeddable":true,"href":"https:\/\/sowiesodesign.com\/en\/wp-json\/wp\/v2\/media\/20389"}],"wp:attachment":[{"href":"https:\/\/sowiesodesign.com\/en\/wp-json\/wp\/v2\/media?parent=25186"}],"curies":[{"name":"wp","href":"https:\/\/api.w.org\/{rel}","templated":true}]}}