{"id":20274,"date":"2018-09-22T16:42:35","date_gmt":"2018-09-22T16:42:35","guid":{"rendered":"https:\/\/www.sowiesodesign.com\/cookie-policy"},"modified":"2020-05-05T14:36:46","modified_gmt":"2020-05-05T14:36:46","slug":"cookie-policy","status":"publish","type":"page","link":"https:\/\/sowiesodesign.com\/en\/cookie-policy","title":{"rendered":"cookie policy"},"content":{"rendered":"<p><div class=\"fusion-fullwidth fullwidth-box fusion-builder-row-1 fusion-flex-container fusion-parallax-none nonhundred-percent-fullwidth non-hundred-percent-height-scrolling\" style=\"--awb-background-blend-mode:multiply;--awb-border-radius-top-left:0px;--awb-border-radius-top-right:0px;--awb-border-radius-bottom-right:0px;--awb-border-radius-bottom-left:0px;--awb-padding-top:150px;--awb-padding-bottom:150px;--awb-margin-bottom:50px;--awb-background-color:#919191;--awb-background-image:url(&quot;https:\/\/sowiesodesign.com\/wp-content\/uploads\/2019\/08\/cookie-konzept_.jpg&quot;);--awb-background-size:cover;--awb-flex-wrap:wrap;\" ><div class=\"fusion-builder-row fusion-row fusion-flex-align-items-flex-start fusion-flex-content-wrap\" style=\"max-width:calc( 1356px + 0px );margin-left: calc(-0px \/ 2 );margin-right: calc(-0px \/ 2 );\"><div class=\"fusion-layout-column fusion_builder_column fusion-builder-column-0 fusion_builder_column_1_1 1_1 fusion-flex-column\" style=\"--awb-bg-size:cover;--awb-width-large:100%;--awb-margin-top-large:15px;--awb-spacing-right-large:0px;--awb-margin-bottom-large:15px;--awb-spacing-left-large:0px;--awb-width-medium:100%;--awb-spacing-right-medium:0px;--awb-spacing-left-medium:0px;--awb-width-small:100%;--awb-spacing-right-small:0px;--awb-spacing-left-small:0px;\"><div class=\"fusion-column-wrapper fusion-column-has-shadow fusion-flex-justify-content-flex-start fusion-content-layout-column\"><div class=\"fusion-title title fusion-title-1 fusion-sep-none fusion-title-center fusion-title-text fusion-title-size-one\" style=\"--awb-text-color:#ffffff;--awb-font-size:80px;\"><h1 class=\"fusion-title-heading title-heading-center fusion-responsive-typography-calculated\" style=\"margin:0;font-size:1em;--fontSize:80;line-height:1.16;\"><b style=\"font-family: Source Sans Pro; font-weight: 300;\" data-fusion-font=\"true\" data-fusion-google-font=\"Source Sans Pro\" data-fusion-google-variant=\"300\" data-fusion-google-subset=\"latin\">Cookies<\/b><\/h1><\/div><\/div><\/div><\/div><\/div><div class=\"fusion-fullwidth fullwidth-box fusion-builder-row-2 fusion-flex-container nonhundred-percent-fullwidth non-hundred-percent-height-scrolling\" style=\"--awb-border-radius-top-left:0px;--awb-border-radius-top-right:0px;--awb-border-radius-bottom-right:0px;--awb-border-radius-bottom-left:0px;--awb-flex-wrap:wrap;\" ><div class=\"fusion-builder-row fusion-row fusion-flex-align-items-flex-start fusion-flex-content-wrap\" style=\"max-width:calc( 1356px + 0px );margin-left: calc(-0px \/ 2 );margin-right: calc(-0px \/ 2 );\"><div class=\"fusion-layout-column fusion_builder_column fusion-builder-column-1 fusion_builder_column_1_1 1_1 fusion-flex-column\" style=\"--awb-bg-size:cover;--awb-width-large:100%;--awb-margin-top-large:0px;--awb-spacing-right-large:0px;--awb-margin-bottom-large:0px;--awb-spacing-left-large:0px;--awb-width-medium:100%;--awb-spacing-right-medium:0px;--awb-spacing-left-medium:0px;--awb-width-small:100%;--awb-spacing-right-small:0px;--awb-spacing-left-small:0px;\"><div class=\"fusion-column-wrapper fusion-flex-justify-content-flex-start fusion-content-layout-column\"><div class=\"fusion-text fusion-text-1\"><h1 class=\"fusion-responsive-typography-calculated\" style=\"--fontsize: 50; line-height: 1.16;\" data-fontsize=\"50\" data-lineheight=\"58px\">COOKIES<\/h1>\n<p style=\"text-align: justify;\"><span class=\"dfd-textmodule-featured-decoration\">Like many other websites, we also use so-called \"cookies\".<\/span> Cookies are small text files that are transferred from a website server to your hard drive. Through this, we automatically receive certain data such as IP address, browser used, operating system and your connection to the Internet.<\/p>\n<p style=\"text-align: justify;\">Cookies cannot be used to run programs or deliver viruses to a computer. The information contained in cookies allows us to facilitate your navigation and enable the correct display of our web pages.<\/p>\n<p style=\"text-align: justify;\"><span class=\"dfd-textmodule-featured-decoration\">Of course, you can also view our website without cookies.<\/span> Internet browsers are regularly set to accept cookies. In general, you can deactivate the use of cookies at any time via the settings of your browser. Please use the help functions of your internet browser to find out how to change these settings. Please note that individual functions of our website may not work if you have disabled the use of cookies.<\/p>\n<p><span class=\"dfd-textmodule-featured-decoration\">Under no circumstances will the data collected by us be passed on to third parties.<\/span> or without your consent a link is established with personal data.<\/p>\n<p>&nbsp;<\/p>\n<h2 class=\"fusion-responsive-typography-calculated\" style=\"--fontsize: 40; line-height: 1.2;\" data-fontsize=\"40\" data-lineheight=\"48px\">Cookies <b><span class=\"dfd-textmodule-featured-decoration\">disable<\/span><\/b><\/h2>\n<p style=\"text-align: justify;\">You can delete individual cookies or the entire cookie inventory via your browser settings. In addition, you will receive information and instructions on how to delete these cookies or block their storage in advance.<\/p>\n<p style=\"text-align: justify;\"><strong style=\"font-family: Source Sans Pro; font-weight: 400;\" data-fusion-font=\"true\" data-fusion-google-font=\"Source Sans Pro\" data-fusion-google-variant=\"400\" data-fusion-google-subset=\"latin\">Depending on the provider of your browser, you will find the necessary information under the following links:<\/strong><\/p>\n\n<table id=\"tablepress-1\" class=\"tablepress tablepress-id-1 tablepress-responsive\">\n<tbody class=\"row-striping row-hover\">\n<tr class=\"row-1\">\n\t<td class=\"column-1\"><a href=\"https:\/\/support.mozilla.org\/de\/kb\/Cookies-blockieren\">Mozilla Firefox<\/a><\/td><td class=\"column-2\"><a href=\"https:\/\/support.google.com\/accounts\/answer\/61416?co=GENIE.Platform%3DDesktop&amp;hl=de\">Google Chrome<\/a><\/td><td class=\"column-3\"><a href=\"https:\/\/support.microsoft.com\/de-de\/help\/17442\/windows-internet-explorer-delete-manage-cookies\">Internet Explorer<\/a><\/td>\n<\/tr>\n<tr class=\"row-2\">\n\t<td class=\"column-1\"><a href=\"https:\/\/blogs.opera.com\/germany\/2016\/03\/cookies-aktivieren-opera\/\">Opera<\/a><\/td><td class=\"column-2\"><a href=\"https:\/\/support.apple.com\/de-de\/guide\/safari\/sfri11471\/mac\">Safari<\/a><\/td><td class=\"column-3\"><a href=\"https:\/\/support.apple.com\/de-de\/HT201265\">iOS Safari<\/a><\/td>\n<\/tr>\n<\/tbody>\n<\/table>\n<!-- #tablepress-1 from cache -->\n<\/div><\/div><\/div><\/div><\/div><\/p>","protected":false},"excerpt":{"rendered":"","protected":false},"author":1,"featured_media":20291,"parent":0,"menu_order":0,"comment_status":"closed","ping_status":"closed","template":"100-width.php","meta":{"footnotes":""},"class_list":["post-20274","page","type-page","status-publish","has-post-thumbnail","hentry"],"yoast_head":"<!-- This site is optimized with the Yoast SEO Premium plugin v19.4 (Yoast SEO v24.1) - https:\/\/yoast.com\/wordpress\/plugins\/seo\/ -->\n<title>Cookie Policy |<\/title>\n<meta name=\"description\" content=\"Wie viele andere Webseiten verwenden wir auch so genannte \u201eCookies\u201c. Cookies deaktivieren? So einfach geht`s in Ihrem Browser!\" \/>\n<meta name=\"robots\" content=\"index, follow, max-snippet:-1, max-image-preview:large, max-video-preview:-1\" \/>\n<link rel=\"canonical\" href=\"https:\/\/sowiesodesign.com\/en\/cookie-policy\/\" \/>\n<meta property=\"og:locale\" content=\"en_GB\" \/>\n<meta property=\"og:type\" content=\"article\" \/>\n<meta property=\"og:title\" content=\"Cookie Policy\" \/>\n<meta property=\"og:description\" content=\"Wie viele andere Webseiten verwenden wir auch so genannte \u201eCookies\u201c. Cookies deaktivieren? So einfach geht`s in Ihrem Browser!\" \/>\n<meta property=\"og:url\" content=\"https:\/\/sowiesodesign.com\/en\/cookie-policy\/\" \/>\n<meta property=\"article:publisher\" content=\"https:\/\/www.facebook.com\/sowiesodesigner\" \/>\n<meta property=\"article:modified_time\" content=\"2020-05-05T14:36:46+00:00\" \/>\n<meta property=\"og:image\" content=\"https:\/\/sowiesodesign.com\/wp-content\/uploads\/2018\/09\/AdobeStock_168618749-1024x263.jpeg\" \/>\n\t<meta property=\"og:image:width\" content=\"1024\" \/>\n\t<meta property=\"og:image:height\" content=\"263\" \/>\n\t<meta property=\"og:image:type\" content=\"image\/jpeg\" \/>\n<meta name=\"twitter:card\" content=\"summary_large_image\" \/>\n<meta name=\"twitter:label1\" content=\"Estimated reading time\" \/>\n\t<meta name=\"twitter:data1\" content=\"4 minutes\" \/>\n<script type=\"application\/ld+json\" class=\"yoast-schema-graph\">{\"@context\":\"https:\/\/schema.org\",\"@graph\":[{\"@type\":\"WebPage\",\"@id\":\"https:\/\/sowiesodesign.com\/cookie-policy\",\"url\":\"https:\/\/sowiesodesign.com\/cookie-policy\",\"name\":\"Cookie Policy |\",\"isPartOf\":{\"@id\":\"https:\/\/sowiesodesign.com\/#website\"},\"primaryImageOfPage\":{\"@id\":\"https:\/\/sowiesodesign.com\/cookie-policy#primaryimage\"},\"image\":{\"@id\":\"https:\/\/sowiesodesign.com\/cookie-policy#primaryimage\"},\"thumbnailUrl\":\"https:\/\/sowiesodesign.com\/wp-content\/uploads\/2018\/09\/AdobeStock_168618749.jpeg\",\"datePublished\":\"2018-09-22T16:42:35+00:00\",\"dateModified\":\"2020-05-05T14:36:46+00:00\",\"description\":\"Wie viele andere Webseiten verwenden wir auch so genannte \u201eCookies\u201c. Cookies deaktivieren? So einfach geht`s in Ihrem Browser!\",\"breadcrumb\":{\"@id\":\"https:\/\/sowiesodesign.com\/cookie-policy#breadcrumb\"},\"inLanguage\":\"en-GB\",\"potentialAction\":[{\"@type\":\"ReadAction\",\"target\":[\"https:\/\/sowiesodesign.com\/cookie-policy\"]}]},{\"@type\":\"ImageObject\",\"inLanguage\":\"en-GB\",\"@id\":\"https:\/\/sowiesodesign.com\/cookie-policy#primaryimage\",\"url\":\"https:\/\/sowiesodesign.com\/wp-content\/uploads\/2018\/09\/AdobeStock_168618749.jpeg\",\"contentUrl\":\"https:\/\/sowiesodesign.com\/wp-content\/uploads\/2018\/09\/AdobeStock_168618749.jpeg\",\"width\":8688,\"height\":2232,\"caption\":\"Cookies - Sowiesodesign F\u00fcrth\"},{\"@type\":\"BreadcrumbList\",\"@id\":\"https:\/\/sowiesodesign.com\/cookie-policy#breadcrumb\",\"itemListElement\":[{\"@type\":\"ListItem\",\"position\":1,\"name\":\"Sowiesodesign\",\"item\":\"https:\/\/sowiesodesign.com\/\"},{\"@type\":\"ListItem\",\"position\":2,\"name\":\"Cookie Policy\"}]},{\"@type\":\"WebSite\",\"@id\":\"https:\/\/sowiesodesign.com\/#website\",\"url\":\"https:\/\/sowiesodesign.com\/\",\"name\":\"\",\"description\":\"\",\"publisher\":{\"@id\":\"https:\/\/sowiesodesign.com\/#organization\"},\"potentialAction\":[{\"@type\":\"SearchAction\",\"target\":{\"@type\":\"EntryPoint\",\"urlTemplate\":\"https:\/\/sowiesodesign.com\/?s={search_term_string}\"},\"query-input\":{\"@type\":\"PropertyValueSpecification\",\"valueRequired\":true,\"valueName\":\"search_term_string\"}}],\"inLanguage\":\"en-GB\"},{\"@type\":[\"Organization\",\"Place\"],\"@id\":\"https:\/\/sowiesodesign.com\/#organization\",\"name\":\"Sowiesodesign F\u00fcrth\",\"url\":\"https:\/\/sowiesodesign.com\/\",\"logo\":{\"@id\":\"https:\/\/sowiesodesign.com\/cookie-policy#local-main-organization-logo\"},\"image\":{\"@id\":\"https:\/\/sowiesodesign.com\/cookie-policy#local-main-organization-logo\"},\"sameAs\":[\"https:\/\/www.facebook.com\/sowiesodesigner\"],\"address\":{\"@id\":\"https:\/\/sowiesodesign.com\/cookie-policy#local-main-place-address\"},\"geo\":{\"@type\":\"GeoCoordinates\",\"latitude\":\"49.466983\",\"longitude\":\"10.9883598\"},\"telephone\":[\"091197491480\",\"015140416465\"],\"openingHoursSpecification\":[{\"@type\":\"OpeningHoursSpecification\",\"dayOfWeek\":[\"Monday\",\"Tuesday\",\"Wednesday\",\"Thursday\",\"Friday\"],\"opens\":\"09:00\",\"closes\":\"17:00\"},{\"@type\":\"OpeningHoursSpecification\",\"dayOfWeek\":[\"Saturday\"],\"opens\":\"10:00\",\"closes\":\"15:00\"},{\"@type\":\"OpeningHoursSpecification\",\"dayOfWeek\":[\"Sunday\"],\"opens\":\"00:00\",\"closes\":\"00:00\"}],\"email\":\"info@sowiesodesign.com\"},{\"@type\":\"PostalAddress\",\"@id\":\"https:\/\/sowiesodesign.com\/cookie-policy#local-main-place-address\",\"streetAddress\":\"Ludwigstra\u00dfe 30, R\u00fcckgeb\u00e4ude\",\"addressLocality\":\"F\u00fcrth S\u00fcdstadt\",\"postalCode\":\"90763\",\"addressRegion\":\"Bayern\",\"addressCountry\":\"DE\"},{\"@type\":\"ImageObject\",\"inLanguage\":\"en-GB\",\"@id\":\"https:\/\/sowiesodesign.com\/cookie-policy#local-main-organization-logo\",\"url\":\"https:\/\/sowiesodesign.com\/wp-content\/uploads\/2019\/12\/sowieso_logo_black_retina.png\",\"contentUrl\":\"https:\/\/sowiesodesign.com\/wp-content\/uploads\/2019\/12\/sowieso_logo_black_retina.png\",\"width\":478,\"height\":98,\"caption\":\"Sowiesodesign F\u00fcrth\"}]}<\/script>\n<meta name=\"geo.placename\" content=\"F\u00fcrth S\u00fcdstadt\" \/>\n<meta name=\"geo.position\" content=\"49.466983;10.9883598\" \/>\n<meta name=\"geo.region\" content=\"Germany\" \/>\n<!-- \/ Yoast SEO Premium plugin. -->","yoast_head_json":{"title":"Cookie Policy |","description":"Like many other websites, we also use so-called \"cookies\". Deactivate cookies? This is how easy it is in your browser!","robots":{"index":"index","follow":"follow","max-snippet":"max-snippet:-1","max-image-preview":"max-image-preview:large","max-video-preview":"max-video-preview:-1"},"canonical":"https:\/\/sowiesodesign.com\/en\/cookie-policy\/","og_locale":"en_GB","og_type":"article","og_title":"Cookie Policy","og_description":"Wie viele andere Webseiten verwenden wir auch so genannte \u201eCookies\u201c. Cookies deaktivieren? So einfach geht`s in Ihrem Browser!","og_url":"https:\/\/sowiesodesign.com\/en\/cookie-policy\/","article_publisher":"https:\/\/www.facebook.com\/sowiesodesigner","article_modified_time":"2020-05-05T14:36:46+00:00","og_image":[{"width":1024,"height":263,"url":"https:\/\/sowiesodesign.com\/wp-content\/uploads\/2018\/09\/AdobeStock_168618749-1024x263.jpeg","type":"image\/jpeg"}],"twitter_card":"summary_large_image","twitter_misc":{"Estimated reading time":"4 minutes"},"schema":{"@context":"https:\/\/schema.org","@graph":[{"@type":"WebPage","@id":"https:\/\/sowiesodesign.com\/cookie-policy","url":"https:\/\/sowiesodesign.com\/cookie-policy","name":"Cookie Policy |","isPartOf":{"@id":"https:\/\/sowiesodesign.com\/#website"},"primaryImageOfPage":{"@id":"https:\/\/sowiesodesign.com\/cookie-policy#primaryimage"},"image":{"@id":"https:\/\/sowiesodesign.com\/cookie-policy#primaryimage"},"thumbnailUrl":"https:\/\/sowiesodesign.com\/wp-content\/uploads\/2018\/09\/AdobeStock_168618749.jpeg","datePublished":"2018-09-22T16:42:35+00:00","dateModified":"2020-05-05T14:36:46+00:00","description":"Like many other websites, we also use so-called \"cookies\". Deactivate cookies? This is how easy it is in your browser!","breadcrumb":{"@id":"https:\/\/sowiesodesign.com\/cookie-policy#breadcrumb"},"inLanguage":"en-GB","potentialAction":[{"@type":"ReadAction","target":["https:\/\/sowiesodesign.com\/cookie-policy"]}]},{"@type":"ImageObject","inLanguage":"en-GB","@id":"https:\/\/sowiesodesign.com\/cookie-policy#primaryimage","url":"https:\/\/sowiesodesign.com\/wp-content\/uploads\/2018\/09\/AdobeStock_168618749.jpeg","contentUrl":"https:\/\/sowiesodesign.com\/wp-content\/uploads\/2018\/09\/AdobeStock_168618749.jpeg","width":8688,"height":2232,"caption":"Cookies - Sowiesodesign F\u00fcrth"},{"@type":"BreadcrumbList","@id":"https:\/\/sowiesodesign.com\/cookie-policy#breadcrumb","itemListElement":[{"@type":"ListItem","position":1,"name":"Sowiesodesign","item":"https:\/\/sowiesodesign.com\/"},{"@type":"ListItem","position":2,"name":"Cookie Policy"}]},{"@type":"WebSite","@id":"https:\/\/sowiesodesign.com\/#website","url":"https:\/\/sowiesodesign.com\/","name":"","description":"","publisher":{"@id":"https:\/\/sowiesodesign.com\/#organization"},"potentialAction":[{"@type":"SearchAction","target":{"@type":"EntryPoint","urlTemplate":"https:\/\/sowiesodesign.com\/?s={search_term_string}"},"query-input":{"@type":"PropertyValueSpecification","valueRequired":true,"valueName":"search_term_string"}}],"inLanguage":"en-GB"},{"@type":["Organization","Place"],"@id":"https:\/\/sowiesodesign.com\/#organization","name":"Sowiesodesign F\u00fcrth","url":"https:\/\/sowiesodesign.com\/","logo":{"@id":"https:\/\/sowiesodesign.com\/cookie-policy#local-main-organization-logo"},"image":{"@id":"https:\/\/sowiesodesign.com\/cookie-policy#local-main-organization-logo"},"sameAs":["https:\/\/www.facebook.com\/sowiesodesigner"],"address":{"@id":"https:\/\/sowiesodesign.com\/cookie-policy#local-main-place-address"},"geo":{"@type":"GeoCoordinates","latitude":"49.466983","longitude":"10.9883598"},"telephone":["091197491480","015140416465"],"openingHoursSpecification":[{"@type":"OpeningHoursSpecification","dayOfWeek":["Monday","Tuesday","Wednesday","Thursday","Friday"],"opens":"09:00","closes":"17:00"},{"@type":"OpeningHoursSpecification","dayOfWeek":["Saturday"],"opens":"10:00","closes":"15:00"},{"@type":"OpeningHoursSpecification","dayOfWeek":["Sunday"],"opens":"00:00","closes":"00:00"}],"email":"info@sowiesodesign.com"},{"@type":"PostalAddress","@id":"https:\/\/sowiesodesign.com\/cookie-policy#local-main-place-address","streetAddress":"Ludwigstra\u00dfe 30, R\u00fcckgeb\u00e4ude","addressLocality":"F\u00fcrth S\u00fcdstadt","postalCode":"90763","addressRegion":"Bayern","addressCountry":"DE"},{"@type":"ImageObject","inLanguage":"en-GB","@id":"https:\/\/sowiesodesign.com\/cookie-policy#local-main-organization-logo","url":"https:\/\/sowiesodesign.com\/wp-content\/uploads\/2019\/12\/sowieso_logo_black_retina.png","contentUrl":"https:\/\/sowiesodesign.com\/wp-content\/uploads\/2019\/12\/sowieso_logo_black_retina.png","width":478,"height":98,"caption":"Sowiesodesign F\u00fcrth"}]},"geo.placename":"F\u00fcrth S\u00fcdstadt","geo.position":{"lat":"49.466983","long":"10.9883598"},"geo.region":"Germany"},"_links":{"self":[{"href":"https:\/\/sowiesodesign.com\/en\/wp-json\/wp\/v2\/pages\/20274","targetHints":{"allow":["GET"]}}],"collection":[{"href":"https:\/\/sowiesodesign.com\/en\/wp-json\/wp\/v2\/pages"}],"about":[{"href":"https:\/\/sowiesodesign.com\/en\/wp-json\/wp\/v2\/types\/page"}],"author":[{"embeddable":true,"href":"https:\/\/sowiesodesign.com\/en\/wp-json\/wp\/v2\/users\/1"}],"replies":[{"embeddable":true,"href":"https:\/\/sowiesodesign.com\/en\/wp-json\/wp\/v2\/comments?post=20274"}],"version-history":[{"count":0,"href":"https:\/\/sowiesodesign.com\/en\/wp-json\/wp\/v2\/pages\/20274\/revisions"}],"wp:featuredmedia":[{"embeddable":true,"href":"https:\/\/sowiesodesign.com\/en\/wp-json\/wp\/v2\/media\/20291"}],"wp:attachment":[{"href":"https:\/\/sowiesodesign.com\/en\/wp-json\/wp\/v2\/media?parent=20274"}],"curies":[{"name":"wp","href":"https:\/\/api.w.org\/{rel}","templated":true}]}}